{"id":25,"date":"2024-06-13T13:18:10","date_gmt":"2024-06-13T13:18:10","guid":{"rendered":"https:\/\/mindenko.hu\/?page_id=25"},"modified":"2024-11-12T09:35:33","modified_gmt":"2024-11-12T09:35:33","slug":"arajanlat","status":"publish","type":"page","link":"https:\/\/mindenko.hu\/?page_id=25","title":{"rendered":"\u00c1raj\u00e1nlat"},"content":{"rendered":"\n<p>Szolg\u00e1ltat\u00e1saink \u00e1rai az egyedi ig\u00e9nyek \u00e9s a v\u00e1lasztott anyagok, kialak\u00edt\u00e1sok f\u00fcggv\u00e9ny\u00e9ben v\u00e1ltozhatnak. Minden megrendel\u00e9s el\u0151tt r\u00e9szletes felm\u00e9r\u00e9st v\u00e9gz\u00fcnk, hogy pontosan meg\u00e9rthess\u00fck elk\u00e9pzel\u00e9seit \u00e9s k\u00f6lts\u00e9gkeret\u00e9t. Szem\u00e9lyre szabott \u00e1raj\u00e1nlataink tartalmazz\u00e1k az anyagk\u00f6lts\u00e9geket, a tervez\u00e9si \u00e9s kivitelez\u00e9si d\u00edjakat, valamint minden egy\u00e9b sz\u00fcks\u00e9ges munkafolyamatot.<\/p>\n\n\n\n<p>Ha \u00e9rdekl\u0151dik szolg\u00e1ltat\u00e1saink ir\u00e1nt, k\u00e9rj\u00fck, l\u00e9pjen vel\u00fcnk kapcsolatba, \u00e9s \u00f6r\u00f6mmel k\u00e9sz\u00edt\u00fcnk \u00d6nnek egyedi \u00e1raj\u00e1nlatot!<\/p>\n\n\n\n<div class=\"wp-block-contact-form-7-contact-form-selector\">\n<div class=\"wpcf7 no-js\" id=\"wpcf7-f77-o1\" lang=\"hu-HU\" dir=\"ltr\" data-wpcf7-id=\"77\">\n<div class=\"screen-reader-response\"><p role=\"status\" aria-live=\"polite\" aria-atomic=\"true\"><\/p> <ul><\/ul><\/div>\n<form action=\"\/index.php?rest_route=%2Fwp%2Fv2%2Fpages%2F25#wpcf7-f77-o1\" method=\"post\" class=\"wpcf7-form init\" aria-label=\"Kapcsolatfelv\u00e9teli \u0171rlap\" enctype=\"multipart\/form-data\" novalidate=\"novalidate\" data-status=\"init\">\n<fieldset class=\"hidden-fields-container\"><input type=\"hidden\" name=\"_wpcf7\" value=\"77\" \/><input type=\"hidden\" name=\"_wpcf7_version\" value=\"6.1.4\" \/><input type=\"hidden\" name=\"_wpcf7_locale\" value=\"hu_HU\" \/><input type=\"hidden\" name=\"_wpcf7_unit_tag\" value=\"wpcf7-f77-o1\" \/><input type=\"hidden\" name=\"_wpcf7_container_post\" value=\"0\" \/><input type=\"hidden\" name=\"_wpcf7_posted_data_hash\" value=\"\" \/>\n<\/fieldset>\n<p><label> N\u00e9v<br \/>\n<span class=\"wpcf7-form-control-wrap\" data-name=\"your-name\"><input size=\"40\" maxlength=\"400\" class=\"wpcf7-form-control wpcf7-text wpcf7-validates-as-required\" autocomplete=\"name\" aria-required=\"true\" aria-invalid=\"false\" value=\"\" type=\"text\" name=\"your-name\" \/><\/span> <\/label>\n<\/p>\n<p><label> E-mail c\u00edm<br \/>\n<span class=\"wpcf7-form-control-wrap\" data-name=\"your-email\"><input size=\"40\" maxlength=\"400\" class=\"wpcf7-form-control wpcf7-email wpcf7-validates-as-required wpcf7-text wpcf7-validates-as-email\" autocomplete=\"email\" aria-required=\"true\" aria-invalid=\"false\" value=\"\" type=\"email\" name=\"your-email\" \/><\/span> <\/label>\n<\/p>\n<p><label> T\u00e1rgy<br \/>\n<span class=\"wpcf7-form-control-wrap\" data-name=\"your-subject\"><input size=\"40\" maxlength=\"400\" class=\"wpcf7-form-control wpcf7-text wpcf7-validates-as-required\" aria-required=\"true\" aria-invalid=\"false\" value=\"\" type=\"text\" name=\"your-subject\" \/><\/span> <\/label>\n<\/p>\n<p><label> \u00dczenet (nem k\u00f6telez\u0151)<br \/>\n<span class=\"wpcf7-form-control-wrap\" data-name=\"your-message\"><textarea cols=\"40\" rows=\"10\" maxlength=\"2000\" class=\"wpcf7-form-control wpcf7-textarea\" aria-invalid=\"false\" name=\"your-message\"><\/textarea><\/span> <\/label>\n<\/p>\n<p><label> Szolg\u00e1ltat\u00e1s (nem k\u00f6telez\u0151)<br \/>\n<span class=\"wpcf7-form-control-wrap\" data-name=\"checkbox-46\"><span class=\"wpcf7-form-control wpcf7-checkbox\"><span class=\"wpcf7-list-item first\"><label><input type=\"checkbox\" name=\"checkbox-46[]\" value=\"S\u00edrk\u0151k\u00e9sz\u00edt\u00e9s\" \/><span class=\"wpcf7-list-item-label\">S\u00edrk\u0151k\u00e9sz\u00edt\u00e9s<\/span><\/label><\/span><span class=\"wpcf7-list-item\"><label><input type=\"checkbox\" name=\"checkbox-46[]\" value=\"K\u0151ipari Term\u00e9kek K\u00e9sz\u00edt\u00e9se\" \/><span class=\"wpcf7-list-item-label\">K\u0151ipari Term\u00e9kek K\u00e9sz\u00edt\u00e9se<\/span><\/label><\/span><span class=\"wpcf7-list-item last\"><label><input type=\"checkbox\" name=\"checkbox-46[]\" value=\"Kieg\u00e9sz\u00edt\u0151 Szolg\u00e1ltat\u00e1s\" \/><span class=\"wpcf7-list-item-label\">Kieg\u00e9sz\u00edt\u0151 Szolg\u00e1ltat\u00e1s<\/span><\/label><\/span><\/span><\/span><br \/>\n<\/label><label> F\u00e1jl Felt\u00f6lt\u00e9se (nem k\u00f6telez\u0151)<br \/>\n<span class=\"wpcf7-form-control-wrap\" data-name=\"file_upload\"><input size=\"40\" class=\"wpcf7-form-control wpcf7-file\" accept=\"audio\/*,video\/*,image\/*\" aria-invalid=\"false\" type=\"file\" name=\"file_upload\" \/><\/span><br \/>\n<input class=\"wpcf7-form-control wpcf7-submit has-spinner\" type=\"submit\" value=\"Bek\u00fcld\u00e9s\" \/><\/label>\n<\/p><div class=\"wpcf7-response-output\" aria-hidden=\"true\"><\/div>\n<\/form>\n<\/div>\n<\/div>\n","protected":false},"excerpt":{"rendered":"<p>Szolg\u00e1ltat\u00e1saink \u00e1rai az egyedi ig\u00e9nyek \u00e9s a v\u00e1lasztott anyagok, kialak\u00edt\u00e1sok f\u00fcggv\u00e9ny\u00e9ben v\u00e1ltozhatnak. Minden megrendel\u00e9s el\u0151tt r\u00e9szletes felm\u00e9r\u00e9st v\u00e9gz\u00fcnk, hogy pontosan meg\u00e9rthess\u00fck elk\u00e9pzel\u00e9seit \u00e9s k\u00f6lts\u00e9gkeret\u00e9t. Szem\u00e9lyre szabott \u00e1raj\u00e1nlataink tartalmazz\u00e1k az anyagk\u00f6lts\u00e9geket, a tervez\u00e9si \u00e9s kivitelez\u00e9si d\u00edjakat, valamint minden egy\u00e9b sz\u00fcks\u00e9ges munkafolyamatot. Ha \u00e9rdekl\u0151dik szolg\u00e1ltat\u00e1saink ir\u00e1nt, k\u00e9rj\u00fck, l\u00e9pjen vel\u00fcnk kapcsolatba, \u00e9s \u00f6r\u00f6mmel&#8230;<\/p>\n","protected":false},"author":1,"featured_media":0,"parent":0,"menu_order":0,"comment_status":"closed","ping_status":"closed","template":"","meta":{"footnotes":""},"class_list":["post-25","page","type-page","status-publish","hentry"],"_links":{"self":[{"href":"https:\/\/mindenko.hu\/index.php?rest_route=\/wp\/v2\/pages\/25","targetHints":{"allow":["GET"]}}],"collection":[{"href":"https:\/\/mindenko.hu\/index.php?rest_route=\/wp\/v2\/pages"}],"about":[{"href":"https:\/\/mindenko.hu\/index.php?rest_route=\/wp\/v2\/types\/page"}],"author":[{"embeddable":true,"href":"https:\/\/mindenko.hu\/index.php?rest_route=\/wp\/v2\/users\/1"}],"replies":[{"embeddable":true,"href":"https:\/\/mindenko.hu\/index.php?rest_route=%2Fwp%2Fv2%2Fcomments&post=25"}],"version-history":[{"count":2,"href":"https:\/\/mindenko.hu\/index.php?rest_route=\/wp\/v2\/pages\/25\/revisions"}],"predecessor-version":[{"id":121,"href":"https:\/\/mindenko.hu\/index.php?rest_route=\/wp\/v2\/pages\/25\/revisions\/121"}],"wp:attachment":[{"href":"https:\/\/mindenko.hu\/index.php?rest_route=%2Fwp%2Fv2%2Fmedia&parent=25"}],"curies":[{"name":"wp","href":"https:\/\/api.w.org\/{rel}","templated":true}]}}